{"id":1758,"date":"2019-03-06T09:24:30","date_gmt":"2019-03-06T07:24:30","guid":{"rendered":"https:\/\/pickle-ball.info\/pagina-inicial\/"},"modified":"2025-01-07T17:17:22","modified_gmt":"2025-01-07T15:17:22","slug":"pagina-inicial","status":"publish","type":"page","link":"https:\/\/pickle-ball.info\/pt-pt\/","title":{"rendered":"P\u00e1gina inicial"},"content":{"rendered":"","protected":false},"excerpt":{"rendered":"","protected":false},"author":1,"featured_media":0,"parent":0,"menu_order":0,"comment_status":"closed","ping_status":"closed","template":"page_builder.php","meta":{"om_disable_all_campaigns":false,"_mi_skip_tracking":false,"footnotes":""},"class_list":["post-1758","page","type-page","status-publish","hentry"],"yoast_head":"<!-- This site is optimized with the Yoast SEO plugin v20.0 - https:\/\/yoast.com\/wordpress\/plugins\/seo\/ -->\n<title>- Tudo sobre o pickleball PickleBall.info<\/title>\n<meta name=\"description\" content=\"PickleBall.info - a hist\u00f3ria do jogo, dicas e li\u00e7\u00f5es sobre o jogo, regras de pickleball, not\u00edcias, cr\u00edticas e destaques do mundo do pickleball.\" \/>\n<meta name=\"robots\" content=\"index, follow, max-snippet:-1, max-image-preview:large, max-video-preview:-1\" \/>\n<link rel=\"canonical\" href=\"https:\/\/pickle-ball.info\/pt-pt\/\" \/>\n<meta property=\"og:locale\" content=\"pt_PT\" \/>\n<meta property=\"og:type\" content=\"article\" \/>\n<meta property=\"og:title\" content=\"- Tudo sobre o pickleball PickleBall.info\" \/>\n<meta property=\"og:description\" content=\"PickleBall.info - a hist\u00f3ria do jogo, dicas e li\u00e7\u00f5es sobre o jogo, regras de pickleball, not\u00edcias, cr\u00edticas e destaques do mundo do pickleball.\" \/>\n<meta property=\"og:url\" content=\"https:\/\/pickle-ball.info\/pt-pt\/\" \/>\n<meta property=\"og:site_name\" content=\"PickleBall.info\" \/>\n<meta property=\"article:modified_time\" content=\"2025-01-07T15:17:22+00:00\" \/>\n<meta property=\"og:image\" content=\"https:\/\/pickle-ball.info\/wp-content\/uploads\/2024\/02\/pickle-ball-sharing.webp\" \/>\n\t<meta property=\"og:image:width\" content=\"1792\" \/>\n\t<meta property=\"og:image:height\" content=\"1024\" \/>\n\t<meta property=\"og:image:type\" content=\"image\/webp\" \/>\n<meta name=\"twitter:card\" content=\"summary_large_image\" \/>\n<script type=\"application\/ld+json\" class=\"yoast-schema-graph\">{\"@context\":\"https:\/\/schema.org\",\"@graph\":[{\"@type\":\"WebPage\",\"@id\":\"https:\/\/pickle-ball.info\/pt-pt\/\",\"url\":\"https:\/\/pickle-ball.info\/pt-pt\/\",\"name\":\"- Tudo sobre o pickleball PickleBall.info\",\"isPartOf\":{\"@id\":\"https:\/\/pickle-ball.info\/pt-pt\/#website\"},\"datePublished\":\"2019-03-06T07:24:30+00:00\",\"dateModified\":\"2025-01-07T15:17:22+00:00\",\"description\":\"PickleBall.info - a hist\u00f3ria do jogo, dicas e li\u00e7\u00f5es sobre o jogo, regras de pickleball, not\u00edcias, cr\u00edticas e destaques do mundo do pickleball.\",\"breadcrumb\":{\"@id\":\"https:\/\/pickle-ball.info\/pt-pt\/#breadcrumb\"},\"inLanguage\":\"pt-PT\",\"potentialAction\":[{\"@type\":\"ReadAction\",\"target\":[\"https:\/\/pickle-ball.info\/pt-pt\/\"]}]},{\"@type\":\"BreadcrumbList\",\"@id\":\"https:\/\/pickle-ball.info\/pt-pt\/#breadcrumb\",\"itemListElement\":[{\"@type\":\"ListItem\",\"position\":1,\"name\":\"\u0413\u043e\u043b\u043e\u0432\u043d\u0430\",\"item\":\"https:\/\/pickle-ball.info\/pt-pt\/\"},{\"@type\":\"ListItem\",\"position\":2,\"name\":\"P\u00e1gina inicial\"}]},{\"@type\":\"WebSite\",\"@id\":\"https:\/\/pickle-ball.info\/pt-pt\/#website\",\"url\":\"https:\/\/pickle-ball.info\/pt-pt\/\",\"name\":\"PickleBall.info\",\"description\":\"\u0412\u0441\u0435 \u043f\u0440\u043e \u043f\u0456\u043a\u043b\u0431\u043e\u043b \u0443\u043a\u0440\u0430\u0457\u043d\u0441\u044c\u043a\u043e\u044e\",\"potentialAction\":[{\"@type\":\"SearchAction\",\"target\":{\"@type\":\"EntryPoint\",\"urlTemplate\":\"https:\/\/pickle-ball.info\/pt-pt\/?s={search_term_string}\"},\"query-input\":\"required name=search_term_string\"}],\"inLanguage\":\"pt-PT\"}]}<\/script>\n<!-- \/ Yoast SEO plugin. -->","yoast_head_json":{"title":"- Tudo sobre o pickleball PickleBall.info","description":"PickleBall.info - a hist\u00f3ria do jogo, dicas e li\u00e7\u00f5es sobre o jogo, regras de pickleball, not\u00edcias, cr\u00edticas e destaques do mundo do pickleball.","robots":{"index":"index","follow":"follow","max-snippet":"max-snippet:-1","max-image-preview":"max-image-preview:large","max-video-preview":"max-video-preview:-1"},"canonical":"https:\/\/pickle-ball.info\/pt-pt\/","og_locale":"pt_PT","og_type":"article","og_title":"- Tudo sobre o pickleball PickleBall.info","og_description":"PickleBall.info - a hist\u00f3ria do jogo, dicas e li\u00e7\u00f5es sobre o jogo, regras de pickleball, not\u00edcias, cr\u00edticas e destaques do mundo do pickleball.","og_url":"https:\/\/pickle-ball.info\/pt-pt\/","og_site_name":"PickleBall.info","article_modified_time":"2025-01-07T15:17:22+00:00","og_image":[{"width":1792,"height":1024,"url":"https:\/\/pickle-ball.info\/wp-content\/uploads\/2024\/02\/pickle-ball-sharing.webp","type":"image\/webp"}],"twitter_card":"summary_large_image","schema":{"@context":"https:\/\/schema.org","@graph":[{"@type":"WebPage","@id":"https:\/\/pickle-ball.info\/pt-pt\/","url":"https:\/\/pickle-ball.info\/pt-pt\/","name":"- Tudo sobre o pickleball PickleBall.info","isPartOf":{"@id":"https:\/\/pickle-ball.info\/pt-pt\/#website"},"datePublished":"2019-03-06T07:24:30+00:00","dateModified":"2025-01-07T15:17:22+00:00","description":"PickleBall.info - a hist\u00f3ria do jogo, dicas e li\u00e7\u00f5es sobre o jogo, regras de pickleball, not\u00edcias, cr\u00edticas e destaques do mundo do pickleball.","breadcrumb":{"@id":"https:\/\/pickle-ball.info\/pt-pt\/#breadcrumb"},"inLanguage":"pt-PT","potentialAction":[{"@type":"ReadAction","target":["https:\/\/pickle-ball.info\/pt-pt\/"]}]},{"@type":"BreadcrumbList","@id":"https:\/\/pickle-ball.info\/pt-pt\/#breadcrumb","itemListElement":[{"@type":"ListItem","position":1,"name":"\u0413\u043e\u043b\u043e\u0432\u043d\u0430","item":"https:\/\/pickle-ball.info\/pt-pt\/"},{"@type":"ListItem","position":2,"name":"P\u00e1gina inicial"}]},{"@type":"WebSite","@id":"https:\/\/pickle-ball.info\/pt-pt\/#website","url":"https:\/\/pickle-ball.info\/pt-pt\/","name":"PickleBall.info","description":"\u0412\u0441\u0435 \u043f\u0440\u043e \u043f\u0456\u043a\u043b\u0431\u043e\u043b \u0443\u043a\u0440\u0430\u0457\u043d\u0441\u044c\u043a\u043e\u044e","potentialAction":[{"@type":"SearchAction","target":{"@type":"EntryPoint","urlTemplate":"https:\/\/pickle-ball.info\/pt-pt\/?s={search_term_string}"},"query-input":"required name=search_term_string"}],"inLanguage":"pt-PT"}]}},"_links":{"self":[{"href":"https:\/\/pickle-ball.info\/pt-pt\/wp-json\/wp\/v2\/pages\/1758","targetHints":{"allow":["GET"]}}],"collection":[{"href":"https:\/\/pickle-ball.info\/pt-pt\/wp-json\/wp\/v2\/pages"}],"about":[{"href":"https:\/\/pickle-ball.info\/pt-pt\/wp-json\/wp\/v2\/types\/page"}],"author":[{"embeddable":true,"href":"https:\/\/pickle-ball.info\/pt-pt\/wp-json\/wp\/v2\/users\/1"}],"replies":[{"embeddable":true,"href":"https:\/\/pickle-ball.info\/pt-pt\/wp-json\/wp\/v2\/comments?post=1758"}],"version-history":[{"count":1,"href":"https:\/\/pickle-ball.info\/pt-pt\/wp-json\/wp\/v2\/pages\/1758\/revisions"}],"predecessor-version":[{"id":2173,"href":"https:\/\/pickle-ball.info\/pt-pt\/wp-json\/wp\/v2\/pages\/1758\/revisions\/2173"}],"wp:attachment":[{"href":"https:\/\/pickle-ball.info\/pt-pt\/wp-json\/wp\/v2\/media?parent=1758"}],"curies":[{"name":"wp","href":"https:\/\/api.w.org\/{rel}","templated":true}]}}